{"id":21,"date":"2020-03-25T15:17:34","date_gmt":"2020-03-25T18:17:34","guid":{"rendered":"http:\/\/www.musculoesqueleticousp.com.br\/sobre-nos\/infra-estrutura\/"},"modified":"2026-02-06T08:44:22","modified_gmt":"2026-02-06T11:44:22","slug":"infraestrutura","status":"publish","type":"page","link":"https:\/\/www.musculoesqueleticousp.com.br\/en\/sobre-nos\/infraestrutura\/","title":{"rendered":"Infrastructure"},"content":{"rendered":"<p>The program has a ROBUST INSTITUTIONAL INFRASTRUCTURE with emphasis on state-of-the-art laboratories.<\/p>\n<p>We have access to the University of S\u00e3o Paulo infrastructure park and, mainly, to the Hospital das Cl\u00ednicas Complex of the USP Medical School. The HC Complex occupies a total area of 600,000 square meters with around 2,400 beds distributed among 8 specialized institutions and 2 auxiliary hospitals.<\/p>\n<p>The University of S\u00e3o Paulo Medical School (FMUSP) is recognized for its pioneering spirit and excellence in teaching, research and university extension environments. The institution invests in modernization, technological innovation and its educational platform, in addition to building partnerships with the private sector and expanding the internationalization process to be an educational center of reference in the world. The USP Medical School is made up of 17 departments, among them the Department of Orthopedics and Traumatology and the Department of Clinical Medicine, to which belong the disciplines of Rheumatology, General Practice and Propaedeutics, Clinical Emergencies, Endocrinology and Metabology, Geriatrics, Hematology and Hemotherapy, Clinical Immunology and Allergy, Molecular Medicine and Nephrology.<\/p>\n<p>For research project development, we have the building of the FMUSP Institute of Orthopedics and Traumatology (IOT) at the disposal of our Program students, which brings together all the teaching, research and care activities of the Department of Orthopedics and the entire Rheumatology area, which has laboratories in the main FMUSP Building and also areas within the Hospital das Cl\u00ednicas itself.<\/p>\n<p>The IOT occupies two buildings, the first with ten floors and the second with four, totaling 25,000m\u00b2 of building space. Both are dedicated to the treatment of diseases of the locomotor apparatus. The IOT also has seven specialty laboratories and a clinical staff of approximately 160 doctors, among them orthopedists, residents in the specialties and a team of anesthesiologists. Other members of the group include pediatricians, geriatricians, physiatrists, chest and plastic surgeons, urologists and cardiologists, who provide medical support to orthopedic patients. It has laboratories equipped to meet the needs of the teachers, students and researchers and a Surgical Center with 11 rooms, also considered as a place for teaching and the development of various research projects. Within the structure, a Clinical Research Center was designed and conceived according to rigid Good Clinical Research Practices standards. The Physical Medicine Division (625 m<sup>2<\/sup> of rehabilitation infrastructure) is noteworthy, including Physiodiagnostic Services, the Rehabilitation Service and the Physical Therapy Service. There is an Occupational Therapy Service, a Psychology Service and a Medical Social Service. There is also a specific Prostheses and Orthoses division (760m<sup>2<\/sup> of workshops), made up of the Surgical Instrumental Production Service \u2013 Prostheses Unit, Orthoses Unit, the Saddle, Vest and Shoe Unit, in addition to the Administrative Unit, storage and support areas. The IOT has a Radiology Center with magnetic resonance, radiography and ultrasound apparatus and a report room devoted to the Musculoskeletal System that facilitates graduate student access to practical learning, as well as the use of these methods in research projects.<\/p>\n<p>In Rheumatology, we have a research area inside the medical school where the LIM 17 is located (Rheumatology Investigation Laboratory), which has eight laboratories, all renovated with help from FAPESP, and that offer training in basic and clinical research in Cellular Immunology, Humoral Immunology, Extracellular Matrix, Bone Metabolism, HR-pQCT, Bone Densitometry &amp; Bone Biopsy, Lyme (Baggio Yoshinari Syndrome), Inflammatory Myopathies, Applied Physiology &amp; Nutrition and Antiphospholipid Syndrome. We also have a Vivarium for experimentation in the Clinical Medicine Department that is coordinated by the Rheumatology discipline. The Rheumatology ward, located in the Central Institute of the Hospital das Cl\u00ednicas, has 16 hospital beds distributed in double rooms and 10 beds for the Rheumatology day-hospital. Our group handles approximately 29,000 patients per year in 24 specialized walk-in clinics, screening, requests for consultation and infiltration. All assistance is carried out using electronic medical records, in a pioneer program using a specialty-specific database. It also has training areas in ultrasound, capillaroscopy, sports medicine applied to rheumatological diseases, infusion center and research experience. Another part of our Service is a Physical Conditioning and Rehabilitation Laboratory for Rheumatological Patients (LACRE) and a Multidisciplinary Center for Dispensing High-Cost Medications (CEDMAC). The latter is in a partnership with the S\u00e3o Paulo State Secretariat and has become the Coordinating Center for a central biologics network associated with tertiary hospitals in the State of S\u00e3o Paulo.<\/p>\n<h2>LABORATORIES<\/h2>\n<p><strong><a href=\"http:\/\/www.musculoesqueleticousp.com.br\/sobre-nos\/infraestrutura\/laboratorios\/laboratorio-de-investigacao-medica-do-sistema-musculo-esqueletico\/\">MUSCULOSKELETAL SYSTEM MEDICAL INVESTIGATION LABORATORY<\/a> <\/strong><\/p>\n<p><a href=\"http:\/\/www.musculoesqueleticousp.com.br\/sobre-nos\/infraestrutura\/laboratorios\/laboratorio-de-estudos-dos-movimentos-lem\/\"><strong>MOVEMENT STUDIES LABORATORY (LEM)<\/strong><\/a><\/p>\n<p><a href=\"http:\/\/www.musculoesqueleticousp.com.br\/sobre-nos\/infraestrutura\/laboratorios\/laboratorio-de-anatomia-patologica\/\"><strong>ANATOMICAL PATHOLOGY LABORATORY<\/strong><\/a><\/p>\n<p><a href=\"http:\/\/www.musculoesqueleticousp.com.br\/sobre-nos\/infraestrutura\/laboratorios\/laboratorio-de-biomecanica-do-aparelho-locomotor\/\"><strong>LOCOMOTOR APPARATUS BIOMECHANICS LABORATORY<\/strong><\/a><\/p>\n<p><a href=\"http:\/\/www.musculoesqueleticousp.com.br\/sobre-nos\/infraestrutura\/laboratorios\/laboratorio-de-microcirurgia-reconstrutiva\/\"><strong>RECONSTRUCTIVE MICROSURGERY LABORATORY<\/strong><\/a><\/p>\n<p><a href=\"http:\/\/www.musculoesqueleticousp.com.br\/sobre-nos\/infraestrutura\/laboratorios\/laboratorio-de-artroscopia\/\"><strong>ARTHROSCOPY LABORATORY<\/strong><\/a><\/p>\n<p><a href=\"http:\/\/www.musculoesqueleticousp.com.br\/sobre-nos\/infraestrutura\/laboratorios\/nucleo-de-ortopedia-regenerativa-banco-de-tecidos-e-terapia-celular\/\"><strong>REGENERATIVE ORTHOPEDICS, TISSUE BANK AND CELLULAR THERAPY NUCLEUS<\/strong><\/a><\/p>\n<p><a href=\"http:\/\/www.musculoesqueleticousp.com.br\/sobre-nos\/infraestrutura\/laboratorios\/centro-de-pesquisas-clinicas\/\"><strong>CLINICAL RESEARCH CENTER <\/strong><\/a><\/p>\n<p><strong><a href=\"http:\/\/www.musculoesqueleticousp.com.br\/sobre-nos\/infraestrutura\/laboratorios\/laboratorio-de-estudos-do-traumatizado-raquimedular-e-nervos-letran\/\">SPINAL CORD AND NERVE TRAUMA STUDY LABORATORY\u2013 LETRAN <\/a> <\/strong><\/p>\n<p><a href=\"http:\/\/www.musculoesqueleticousp.com.br\/sobre-nos\/infraestrutura\/laboratorios\/laboratorio-de-microorganismo-e-artrite\/\"><strong>MICROORGANISM AND ARTHRITIS LABORATORY<\/strong><\/a><\/p>\n<p><a href=\"http:\/\/www.musculoesqueleticousp.com.br\/sobre-nos\/infraestrutura\/laboratorios\/laboratorio-de-avaliacao-e-condicionamento-em-reumatologia-lacre\/\"><strong>RHEUMATOLOGY EVALUATION AND CONDITIONING LABORATORY (LACRE)<\/strong><\/a><\/p>\n<p><a href=\"http:\/\/www.musculoesqueleticousp.com.br\/sobre-nos\/infraestrutura\/laboratorios\/laboratorio-de-imunologia-celular\/\"><strong>CELLULAR IMMUNOLOGY LABORATORY<\/strong><\/a><\/p>\n<p><a href=\"http:\/\/www.musculoesqueleticousp.com.br\/sobre-nos\/infraestrutura\/laboratorios\/laboratorio-de-imunologia-humoral\/\"><strong>HUMORAL IMMUNOLOGY LABORATORY<\/strong><\/a><\/p>\n<p><a href=\"http:\/\/www.musculoesqueleticousp.com.br\/sobre-nos\/infraestrutura\/laboratorios\/laboratorio-de-metabolismo-osseo-hr-pqct-densitometria-ossea-e-biopsia-ossea\/\"><strong>BONE METABOLISM, HR-pQCT, BONE DENSITOMETRY AND BONE BIOPSY LABORATORY<\/strong><\/a><\/p>\n<p><a href=\"http:\/\/www.musculoesqueleticousp.com.br\/sobre-nos\/infraestrutura\/laboratorios\/laboratorio-de-miopatias-inflamatorias\/\"><strong>INFLAMMATORY MYOPATHIES LABORATORY<\/strong><\/a><\/p>\n<p><a href=\"http:\/\/www.musculoesqueleticousp.com.br\/sobre-nos\/infraestrutura\/laboratorios\/laboratorio-de-sindrome-antifosfolipide\/\"><strong>ANTIPHOSPHOLIPID SYNDROME LABORATORY<\/strong><\/a><\/p>\n<p><a href=\"http:\/\/www.musculoesqueleticousp.com.br\/sobre-nos\/infraestrutura\/laboratorios\/laboratorio-de-matriz-extracelular\/\"><strong>EXTRACELLULAR MATRIX LABORATORY<\/strong><\/a><\/p>\n<p><a href=\"http:\/\/www.musculoesqueleticousp.com.br\/sobre-nos\/infraestrutura\/laboratorios\/nucel-e-o-medcell\/\"><strong>NUCEL and MedCell<\/strong><\/a><\/p>\n<h2><a href=\"http:\/\/www.musculoesqueleticousp.com.br\/sobre-nos\/infraestrutura\/informatica\/\">Information Technology<\/a><\/h2>\n<h2><a href=\"http:\/\/www.musculoesqueleticousp.com.br\/sobre-nos\/infraestrutura\/administrativa\/\">Administration<\/a><\/h2>\n<p><\/p>","protected":false},"excerpt":{"rendered":"<p>The program has a ROBUST INSTITUTIONAL INFRASTRUCTURE with emphasis on state-of-the-art laboratories. We have access to the University of S\u00e3o Paulo infrastructure park and, mainly, to [&hellip;]<\/p>\n","protected":false},"author":1,"featured_media":0,"parent":15,"menu_order":4,"comment_status":"closed","ping_status":"closed","template":"","meta":{"footnotes":""},"class_list":["post-21","page","type-page","status-publish","hentry"],"yoast_head":"<!-- This site is optimized with the Yoast SEO plugin v25.5 - https:\/\/yoast.com\/wordpress\/plugins\/seo\/ -->\n<title>Infrastructure - P\u00f3s-Gradua\u00e7\u00e3o em Ci\u00eancias do Sistema Musculoesquel\u00e9tico<\/title>\n<meta name=\"robots\" content=\"index, follow, max-snippet:-1, max-image-preview:large, max-video-preview:-1\" \/>\n<link rel=\"canonical\" href=\"https:\/\/www.musculoesqueleticousp.com.br\/sobre-nos\/infraestrutura\/\" \/>\n<meta property=\"og:locale\" content=\"en_US\" \/>\n<meta property=\"og:type\" content=\"article\" \/>\n<meta property=\"og:title\" content=\"Infrastructure - P\u00f3s-Gradua\u00e7\u00e3o em Ci\u00eancias do Sistema Musculoesquel\u00e9tico\" \/>\n<meta property=\"og:description\" content=\"The program has a ROBUST INSTITUTIONAL INFRASTRUCTURE with emphasis on state-of-the-art laboratories. We have access to the University of S\u00e3o Paulo infrastructure park and, mainly, to [&hellip;]\" \/>\n<meta property=\"og:url\" content=\"https:\/\/www.musculoesqueleticousp.com.br\/sobre-nos\/infraestrutura\/\" \/>\n<meta property=\"og:site_name\" content=\"P\u00f3s-Gradua\u00e7\u00e3o em Ci\u00eancias do Sistema Musculoesquel\u00e9tico\" \/>\n<meta property=\"article:modified_time\" content=\"2026-02-06T11:44:22+00:00\" \/>\n<meta name=\"twitter:card\" content=\"summary_large_image\" \/>\n<meta name=\"twitter:label1\" content=\"Est. reading time\" \/>\n\t<meta name=\"twitter:data1\" content=\"7 minutes\" \/>\n<script type=\"application\/ld+json\" class=\"yoast-schema-graph\">{\"@context\":\"https:\/\/schema.org\",\"@graph\":[{\"@type\":\"WebPage\",\"@id\":\"https:\/\/www.musculoesqueleticousp.com.br\/sobre-nos\/infraestrutura\/\",\"url\":\"https:\/\/www.musculoesqueleticousp.com.br\/sobre-nos\/infraestrutura\/\",\"name\":\"Infrastructure - P\u00f3s-Gradua\u00e7\u00e3o em Ci\u00eancias do Sistema Musculoesquel\u00e9tico\",\"isPartOf\":{\"@id\":\"https:\/\/www.musculoesqueleticousp.com.br\/en\/#website\"},\"datePublished\":\"2020-03-25T18:17:34+00:00\",\"dateModified\":\"2026-02-06T11:44:22+00:00\",\"breadcrumb\":{\"@id\":\"https:\/\/www.musculoesqueleticousp.com.br\/sobre-nos\/infraestrutura\/#breadcrumb\"},\"inLanguage\":\"en-US\",\"potentialAction\":[{\"@type\":\"ReadAction\",\"target\":[\"https:\/\/www.musculoesqueleticousp.com.br\/sobre-nos\/infraestrutura\/\"]}]},{\"@type\":\"BreadcrumbList\",\"@id\":\"https:\/\/www.musculoesqueleticousp.com.br\/sobre-nos\/infraestrutura\/#breadcrumb\",\"itemListElement\":[{\"@type\":\"ListItem\",\"position\":1,\"name\":\"Home\",\"item\":\"https:\/\/www.musculoesqueleticousp.com.br\/en\/\"},{\"@type\":\"ListItem\",\"position\":2,\"name\":\"Sobre N\u00f3s\",\"item\":\"https:\/\/www.musculoesqueleticousp.com.br\/sobre-nos\/\"},{\"@type\":\"ListItem\",\"position\":3,\"name\":\"Infraestrutura\"}]},{\"@type\":\"WebSite\",\"@id\":\"https:\/\/www.musculoesqueleticousp.com.br\/en\/#website\",\"url\":\"https:\/\/www.musculoesqueleticousp.com.br\/en\/\",\"name\":\"P\u00f3s-Gradua\u00e7\u00e3o em Ci\u00eancias do Sistema Musculoesquel\u00e9tico\",\"description\":\"Website do P\u00f3s-Gradua\u00e7\u00e3o em Ci\u00eancias do Sistema Musculoesquel\u00e9tico\",\"publisher\":{\"@id\":\"https:\/\/www.musculoesqueleticousp.com.br\/en\/#organization\"},\"potentialAction\":[{\"@type\":\"SearchAction\",\"target\":{\"@type\":\"EntryPoint\",\"urlTemplate\":\"https:\/\/www.musculoesqueleticousp.com.br\/en\/?s={search_term_string}\"},\"query-input\":{\"@type\":\"PropertyValueSpecification\",\"valueRequired\":true,\"valueName\":\"search_term_string\"}}],\"inLanguage\":\"en-US\"},{\"@type\":\"Organization\",\"@id\":\"https:\/\/www.musculoesqueleticousp.com.br\/en\/#organization\",\"name\":\"P\u00f3s-Gradua\u00e7\u00e3o em Ci\u00eancias do Sistema Musculoesquel\u00e9tico\",\"url\":\"https:\/\/www.musculoesqueleticousp.com.br\/en\/\",\"logo\":{\"@type\":\"ImageObject\",\"inLanguage\":\"en-US\",\"@id\":\"https:\/\/www.musculoesqueleticousp.com.br\/en\/#\/schema\/logo\/image\/\",\"url\":\"https:\/\/www.musculoesqueleticousp.com.br\/wp-content\/uploads\/2020\/04\/logo_pg_cme_v3_h120.png\",\"contentUrl\":\"https:\/\/www.musculoesqueleticousp.com.br\/wp-content\/uploads\/2020\/04\/logo_pg_cme_v3_h120.png\",\"width\":481,\"height\":120,\"caption\":\"P\u00f3s-Gradua\u00e7\u00e3o em Ci\u00eancias do Sistema Musculoesquel\u00e9tico\"},\"image\":{\"@id\":\"https:\/\/www.musculoesqueleticousp.com.br\/en\/#\/schema\/logo\/image\/\"}}]}<\/script>\n<!-- \/ Yoast SEO plugin. -->","yoast_head_json":{"title":"Infrastructure - P\u00f3s-Gradua\u00e7\u00e3o em Ci\u00eancias do Sistema Musculoesquel\u00e9tico","robots":{"index":"index","follow":"follow","max-snippet":"max-snippet:-1","max-image-preview":"max-image-preview:large","max-video-preview":"max-video-preview:-1"},"canonical":"https:\/\/www.musculoesqueleticousp.com.br\/sobre-nos\/infraestrutura\/","og_locale":"en_US","og_type":"article","og_title":"Infrastructure - P\u00f3s-Gradua\u00e7\u00e3o em Ci\u00eancias do Sistema Musculoesquel\u00e9tico","og_description":"The program has a ROBUST INSTITUTIONAL INFRASTRUCTURE with emphasis on state-of-the-art laboratories. We have access to the University of S\u00e3o Paulo infrastructure park and, mainly, to [&hellip;]","og_url":"https:\/\/www.musculoesqueleticousp.com.br\/sobre-nos\/infraestrutura\/","og_site_name":"P\u00f3s-Gradua\u00e7\u00e3o em Ci\u00eancias do Sistema Musculoesquel\u00e9tico","article_modified_time":"2026-02-06T11:44:22+00:00","twitter_card":"summary_large_image","twitter_misc":{"Est. reading time":"7 minutes"},"schema":{"@context":"https:\/\/schema.org","@graph":[{"@type":"WebPage","@id":"https:\/\/www.musculoesqueleticousp.com.br\/sobre-nos\/infraestrutura\/","url":"https:\/\/www.musculoesqueleticousp.com.br\/sobre-nos\/infraestrutura\/","name":"Infrastructure - P\u00f3s-Gradua\u00e7\u00e3o em Ci\u00eancias do Sistema Musculoesquel\u00e9tico","isPartOf":{"@id":"https:\/\/www.musculoesqueleticousp.com.br\/en\/#website"},"datePublished":"2020-03-25T18:17:34+00:00","dateModified":"2026-02-06T11:44:22+00:00","breadcrumb":{"@id":"https:\/\/www.musculoesqueleticousp.com.br\/sobre-nos\/infraestrutura\/#breadcrumb"},"inLanguage":"en-US","potentialAction":[{"@type":"ReadAction","target":["https:\/\/www.musculoesqueleticousp.com.br\/sobre-nos\/infraestrutura\/"]}]},{"@type":"BreadcrumbList","@id":"https:\/\/www.musculoesqueleticousp.com.br\/sobre-nos\/infraestrutura\/#breadcrumb","itemListElement":[{"@type":"ListItem","position":1,"name":"Home","item":"https:\/\/www.musculoesqueleticousp.com.br\/en\/"},{"@type":"ListItem","position":2,"name":"Sobre N\u00f3s","item":"https:\/\/www.musculoesqueleticousp.com.br\/sobre-nos\/"},{"@type":"ListItem","position":3,"name":"Infraestrutura"}]},{"@type":"WebSite","@id":"https:\/\/www.musculoesqueleticousp.com.br\/en\/#website","url":"https:\/\/www.musculoesqueleticousp.com.br\/en\/","name":"P\u00f3s-Gradua\u00e7\u00e3o em Ci\u00eancias do Sistema Musculoesquel\u00e9tico","description":"Website do P\u00f3s-Gradua\u00e7\u00e3o em Ci\u00eancias do Sistema Musculoesquel\u00e9tico","publisher":{"@id":"https:\/\/www.musculoesqueleticousp.com.br\/en\/#organization"},"potentialAction":[{"@type":"SearchAction","target":{"@type":"EntryPoint","urlTemplate":"https:\/\/www.musculoesqueleticousp.com.br\/en\/?s={search_term_string}"},"query-input":{"@type":"PropertyValueSpecification","valueRequired":true,"valueName":"search_term_string"}}],"inLanguage":"en-US"},{"@type":"Organization","@id":"https:\/\/www.musculoesqueleticousp.com.br\/en\/#organization","name":"P\u00f3s-Gradua\u00e7\u00e3o em Ci\u00eancias do Sistema Musculoesquel\u00e9tico","url":"https:\/\/www.musculoesqueleticousp.com.br\/en\/","logo":{"@type":"ImageObject","inLanguage":"en-US","@id":"https:\/\/www.musculoesqueleticousp.com.br\/en\/#\/schema\/logo\/image\/","url":"https:\/\/www.musculoesqueleticousp.com.br\/wp-content\/uploads\/2020\/04\/logo_pg_cme_v3_h120.png","contentUrl":"https:\/\/www.musculoesqueleticousp.com.br\/wp-content\/uploads\/2020\/04\/logo_pg_cme_v3_h120.png","width":481,"height":120,"caption":"P\u00f3s-Gradua\u00e7\u00e3o em Ci\u00eancias do Sistema Musculoesquel\u00e9tico"},"image":{"@id":"https:\/\/www.musculoesqueleticousp.com.br\/en\/#\/schema\/logo\/image\/"}}]}},"_links":{"self":[{"href":"https:\/\/www.musculoesqueleticousp.com.br\/en\/wp-json\/wp\/v2\/pages\/21","targetHints":{"allow":["GET"]}}],"collection":[{"href":"https:\/\/www.musculoesqueleticousp.com.br\/en\/wp-json\/wp\/v2\/pages"}],"about":[{"href":"https:\/\/www.musculoesqueleticousp.com.br\/en\/wp-json\/wp\/v2\/types\/page"}],"author":[{"embeddable":true,"href":"https:\/\/www.musculoesqueleticousp.com.br\/en\/wp-json\/wp\/v2\/users\/1"}],"replies":[{"embeddable":true,"href":"https:\/\/www.musculoesqueleticousp.com.br\/en\/wp-json\/wp\/v2\/comments?post=21"}],"version-history":[{"count":44,"href":"https:\/\/www.musculoesqueleticousp.com.br\/en\/wp-json\/wp\/v2\/pages\/21\/revisions"}],"predecessor-version":[{"id":78403,"href":"https:\/\/www.musculoesqueleticousp.com.br\/en\/wp-json\/wp\/v2\/pages\/21\/revisions\/78403"}],"up":[{"embeddable":true,"href":"https:\/\/www.musculoesqueleticousp.com.br\/en\/wp-json\/wp\/v2\/pages\/15"}],"wp:attachment":[{"href":"https:\/\/www.musculoesqueleticousp.com.br\/en\/wp-json\/wp\/v2\/media?parent=21"}],"curies":[{"name":"wp","href":"https:\/\/api.w.org\/{rel}","templated":true}]}}