{"id":1820,"date":"2021-10-14T09:46:17","date_gmt":"2021-10-14T12:46:17","guid":{"rendered":"https:\/\/www.musculoesqueleticousp.com.br\/?page_id=1820"},"modified":"2024-06-28T09:33:32","modified_gmt":"2024-06-28T12:33:32","slug":"patricia-moreno-grangeiro","status":"publish","type":"page","link":"https:\/\/www.musculoesqueleticousp.com.br\/en\/pesquisas\/orientadores\/patricia-moreno-grangeiro\/","title":{"rendered":"Patr\u00edcia Moreno Grangeiro"},"content":{"rendered":"<p><strong><img loading=\"lazy\" decoding=\"async\" class=\"wp-image-1821 alignleft\" src=\"https:\/\/www.musculoesqueleticousp.com.br\/wp-content\/uploads\/2021\/10\/gg-265x300.jpg\" alt=\"\" width=\"185\" height=\"209\" srcset=\"https:\/\/www.musculoesqueleticousp.com.br\/wp-content\/uploads\/2021\/10\/gg-265x300.jpg 265w, https:\/\/www.musculoesqueleticousp.com.br\/wp-content\/uploads\/2021\/10\/gg-129x146.jpg 129w, https:\/\/www.musculoesqueleticousp.com.br\/wp-content\/uploads\/2021\/10\/gg-44x50.jpg 44w, https:\/\/www.musculoesqueleticousp.com.br\/wp-content\/uploads\/2021\/10\/gg-66x75.jpg 66w, https:\/\/www.musculoesqueleticousp.com.br\/wp-content\/uploads\/2021\/10\/gg.jpg 476w\" sizes=\"auto, (max-width: 185px) 100vw, 185px\" \/><\/strong><\/p>\n<p><strong>T\u00edtulo:<\/strong> Doutor<br \/>\n<strong>E-mail:<\/strong> patricia.moreno@hc.fm.usp.br<br \/>\n<strong>Lattes:<\/strong> http:\/\/lattes.cnpq.br\/9121406389457414<br \/>\n<strong>Orcid:<\/strong> ID 0000-0002-1533-659X- https:\/\/orcid.org\/0000-0002-1533-659X<br \/>\n<strong>Scopus:<\/strong> ID 35487432600\u00a0 &#8211; https:\/\/www.scopus.com\/authid\/detail.uri?authorId=35487432600<br \/>\n<strong>Google Scholar:<\/strong> \u00a0ID 4s55O7cAAAAJ&amp;hl &#8211; https:\/\/scholar.google.com\/citations?user=4s55O7cAAAAJ&amp;hl=pt-BR<br \/>\n<strong>Research ID<\/strong>: <a href=\"https:\/\/publons.com\/researcher\/AAZ-4948-2021\/\">AAZ-4948-2021<\/a> &#8211; https:\/\/publons.com\/researcher\/4687483\/patricia-moreno-grangeiro\/<\/p>\n<p>&nbsp;<\/p>\n<h2><strong>Lines of Research<\/strong><\/h2>\n<p>1) Integrated Center for Neuro-orthopedics (CINO): Cerebral Palsy; 2) Pediatric Orthopedics: Legg-Calv\u00e9-Perthes Disease; 3) Congenital Clubfoot; 4) Physical activity in children and adolescents with disabilities<\/p>\n<p>1) The Integrated Center for Academic Activity of Neuro-Orthopedics HCFMUSP (INTEGRATED CENTER OF NEURO-ORTHOPEDICS HCFMUSP) was designed to develop research and teaching aimed at patients with neurological disorders who present with musculoskeletal deformities who are in integrated care in the outpatient clinic for surgical orthopedic cases.<\/p>\n<p>2) The Discipline of Pediatric Orthopedics has traditionally studied multiple orthopedic conditions from the newborn to the end of adolescence, in particular Legg-Calv\u00e9-Perthes Disease. We are currently participating in a multicenter study of Perthes Disease with a research center at Texas Scottish Rite Hospital in Dallas.<\/p>\n<p>3) The Clubfoot Clinic was established in August 2012 and performs treatment using the Ponseti technique being considered a standard refererral clinic, conducting clinical research with a prospective database.<\/p>\n<p>4) Since 2013, Instituto Remo Meu Rumo provides access to sports for children with physical disabilities, generating physical and psychological gains, in addition to the social and individual impacts that sport can promote and conduct studies the effects on health, function, independence and quality of life.<\/p>\n<h2><strong>Relevant articles<\/strong><\/h2>\n<ol>\n<li>Moreno Grangeiro P, Rodrigues JC, de Angeli LRA, Le\u00e3o Filho H, Montenegro NB, Guarniero R, Dempsey M, Kim HKW. Feasibility of Magnetic Resonance Angiography in Patients With Legg-Calv\u00e9-Perthes Disease. J Pediatr Orthop. 2021;41(9):e774-e779.<\/li>\n<li>Leite CBG, Grangeiro PM, Munhoz DU, Giglio PN, Camanho GL, Gobbi RG. The knee in congenital femoral deficiency and its implication in limb lengthening: a systematic review. EFORT Open Rev. 2021;6(7):565-571.<\/li>\n<li>Selberg CM, Bram JT, Carry P, Goldstein RY, Schrader T, Laine JC, Kim HKW, Sankar WN; International Perthes Study Group. Hip Morphology in Early-stage LCPD: Is There an Argument for Anatomic-specific Containment? J Pediatr Orthop. 2021;41(6):344-351.<\/li>\n<li>Cordeiro FG, Grangeiro PM, Massa BSF, Montenegro NB, Guarniero R.Reproducibility of modified waldenstr\u00f6m classification in perthes disease. ActaOrtop Bras. 2021;29(2):92-96.<\/li>\n<\/ol>\n<ol start=\"5\">\n<li>Barreira CC, Forner-Cordero A, Grangeiro PM, Moura RT. Kinect v2 based system for gait assessment of children with cerebral palsy in rehabilitation settings. J Med Eng Technol. 2020;44(4):198-202.<\/li>\n<\/ol>\n<p>&nbsp;<\/p>\n<h2><strong>PROJETOS ORIENTADOR\/ LINHA<\/strong><\/h2>\n<p><strong>Linha 3. DIST\u00daRBIOS DEGENERATIVOS, INFLAMAT\u00d3RIOS E ESTRUTURAIS DO SISTEMA LOCOMOTOR<br \/>\n<\/strong><strong>PROJETO PATRICIA MORENO:<\/strong> ASPECTOS CL\u00cdNICOS E EPIDEMIOL\u00d3GICOS, QUALIDADE DE VIDA E IMPLEMENTA\u00c7\u00c3O DE EVID\u00caNCIA EM ORTOPEDIA PEDI\u00c1TRICA<br \/>\n<strong>PROJETO PATRICIA MORENO:<\/strong> ESTUDOS SOBRE AS CARACTER\u00cdSTICAS CLINICO-EPIDEMIOL\u00d3GICAS, PROGN\u00d3STICO, TRATAMENTO E QUALIDADE DE VIDA EM CRIAN\u00c7AS COM PARALISIA CEREBRAL: ABORDAGEM MULTIPROFISSIONAL<\/p>\n<p>&nbsp;<\/p>","protected":false},"excerpt":{"rendered":"<p>T\u00edtulo: Doutor E-mail: patricia.moreno@hc.fm.usp.br Lattes: http:\/\/lattes.cnpq.br\/9121406389457414 Orcid: ID 0000-0002-1533-659X- https:\/\/orcid.org\/0000-0002-1533-659X Scopus: ID 35487432600\u00a0 &#8211; https:\/\/www.scopus.com\/authid\/detail.uri?authorId=35487432600 Google Scholar: \u00a0ID 4s55O7cAAAAJ&amp;hl &#8211; https:\/\/scholar.google.com\/citations?user=4s55O7cAAAAJ&amp;hl=pt-BR Research ID: AAZ-4948-2021 &#8211; https:\/\/publons.com\/researcher\/4687483\/patricia-moreno-grangeiro\/ [&hellip;]<\/p>\n","protected":false},"author":3,"featured_media":0,"parent":25,"menu_order":0,"comment_status":"closed","ping_status":"closed","template":"","meta":{"footnotes":""},"class_list":["post-1820","page","type-page","status-publish","hentry"],"yoast_head":"<!-- This site is optimized with the Yoast SEO plugin v25.5 - https:\/\/yoast.com\/wordpress\/plugins\/seo\/ -->\n<title>Patr\u00edcia Moreno Grangeiro - P\u00f3s-Gradua\u00e7\u00e3o em Ci\u00eancias do Sistema Musculoesquel\u00e9tico<\/title>\n<meta name=\"robots\" content=\"index, follow, max-snippet:-1, max-image-preview:large, max-video-preview:-1\" \/>\n<link rel=\"canonical\" href=\"https:\/\/www.musculoesqueleticousp.com.br\/pesquisas\/orientadores\/patricia-moreno-grangeiro\/\" \/>\n<meta property=\"og:locale\" content=\"en_US\" \/>\n<meta property=\"og:type\" content=\"article\" \/>\n<meta property=\"og:title\" content=\"Patr\u00edcia Moreno Grangeiro - P\u00f3s-Gradua\u00e7\u00e3o em Ci\u00eancias do Sistema Musculoesquel\u00e9tico\" \/>\n<meta property=\"og:description\" content=\"T\u00edtulo: Doutor E-mail: patricia.moreno@hc.fm.usp.br Lattes: http:\/\/lattes.cnpq.br\/9121406389457414 Orcid: ID 0000-0002-1533-659X- https:\/\/orcid.org\/0000-0002-1533-659X Scopus: ID 35487432600\u00a0 &#8211; https:\/\/www.scopus.com\/authid\/detail.uri?authorId=35487432600 Google Scholar: \u00a0ID 4s55O7cAAAAJ&amp;hl &#8211; https:\/\/scholar.google.com\/citations?user=4s55O7cAAAAJ&amp;hl=pt-BR Research ID: AAZ-4948-2021 &#8211; https:\/\/publons.com\/researcher\/4687483\/patricia-moreno-grangeiro\/ [&hellip;]\" \/>\n<meta property=\"og:url\" content=\"https:\/\/www.musculoesqueleticousp.com.br\/pesquisas\/orientadores\/patricia-moreno-grangeiro\/\" \/>\n<meta property=\"og:site_name\" content=\"P\u00f3s-Gradua\u00e7\u00e3o em Ci\u00eancias do Sistema Musculoesquel\u00e9tico\" \/>\n<meta property=\"article:modified_time\" content=\"2024-06-28T12:33:32+00:00\" \/>\n<meta property=\"og:image\" content=\"https:\/\/www.musculoesqueleticousp.com.br\/wp-content\/uploads\/2021\/10\/gg-265x300.jpg\" \/>\n<meta name=\"twitter:card\" content=\"summary_large_image\" \/>\n<meta name=\"twitter:label1\" content=\"Est. reading time\" \/>\n\t<meta name=\"twitter:data1\" content=\"8 minutes\" \/>\n<script type=\"application\/ld+json\" class=\"yoast-schema-graph\">{\"@context\":\"https:\/\/schema.org\",\"@graph\":[{\"@type\":\"WebPage\",\"@id\":\"https:\/\/www.musculoesqueleticousp.com.br\/pesquisas\/orientadores\/patricia-moreno-grangeiro\/\",\"url\":\"https:\/\/www.musculoesqueleticousp.com.br\/pesquisas\/orientadores\/patricia-moreno-grangeiro\/\",\"name\":\"Patr\u00edcia Moreno Grangeiro - P\u00f3s-Gradua\u00e7\u00e3o em Ci\u00eancias do Sistema Musculoesquel\u00e9tico\",\"isPartOf\":{\"@id\":\"https:\/\/www.musculoesqueleticousp.com.br\/en\/#website\"},\"primaryImageOfPage\":{\"@id\":\"https:\/\/www.musculoesqueleticousp.com.br\/pesquisas\/orientadores\/patricia-moreno-grangeiro\/#primaryimage\"},\"image\":{\"@id\":\"https:\/\/www.musculoesqueleticousp.com.br\/pesquisas\/orientadores\/patricia-moreno-grangeiro\/#primaryimage\"},\"thumbnailUrl\":\"https:\/\/www.musculoesqueleticousp.com.br\/wp-content\/uploads\/2021\/10\/gg-265x300.jpg\",\"datePublished\":\"2021-10-14T12:46:17+00:00\",\"dateModified\":\"2024-06-28T12:33:32+00:00\",\"breadcrumb\":{\"@id\":\"https:\/\/www.musculoesqueleticousp.com.br\/pesquisas\/orientadores\/patricia-moreno-grangeiro\/#breadcrumb\"},\"inLanguage\":\"en-US\",\"potentialAction\":[{\"@type\":\"ReadAction\",\"target\":[\"https:\/\/www.musculoesqueleticousp.com.br\/pesquisas\/orientadores\/patricia-moreno-grangeiro\/\"]}]},{\"@type\":\"ImageObject\",\"inLanguage\":\"en-US\",\"@id\":\"https:\/\/www.musculoesqueleticousp.com.br\/pesquisas\/orientadores\/patricia-moreno-grangeiro\/#primaryimage\",\"url\":\"https:\/\/www.musculoesqueleticousp.com.br\/wp-content\/uploads\/2021\/10\/gg-265x300.jpg\",\"contentUrl\":\"https:\/\/www.musculoesqueleticousp.com.br\/wp-content\/uploads\/2021\/10\/gg-265x300.jpg\"},{\"@type\":\"BreadcrumbList\",\"@id\":\"https:\/\/www.musculoesqueleticousp.com.br\/pesquisas\/orientadores\/patricia-moreno-grangeiro\/#breadcrumb\",\"itemListElement\":[{\"@type\":\"ListItem\",\"position\":1,\"name\":\"Home\",\"item\":\"https:\/\/www.musculoesqueleticousp.com.br\/en\/\"},{\"@type\":\"ListItem\",\"position\":2,\"name\":\"Research\",\"item\":\"https:\/\/www.musculoesqueleticousp.com.br\/en\/pesquisas\/\"},{\"@type\":\"ListItem\",\"position\":3,\"name\":\"Orientadores\",\"item\":\"https:\/\/www.musculoesqueleticousp.com.br\/pesquisas\/orientadores\/\"},{\"@type\":\"ListItem\",\"position\":4,\"name\":\"Patr\u00edcia Moreno Grangeiro\"}]},{\"@type\":\"WebSite\",\"@id\":\"https:\/\/www.musculoesqueleticousp.com.br\/en\/#website\",\"url\":\"https:\/\/www.musculoesqueleticousp.com.br\/en\/\",\"name\":\"P\u00f3s-Gradua\u00e7\u00e3o em Ci\u00eancias do Sistema Musculoesquel\u00e9tico\",\"description\":\"Website do P\u00f3s-Gradua\u00e7\u00e3o em Ci\u00eancias do Sistema Musculoesquel\u00e9tico\",\"publisher\":{\"@id\":\"https:\/\/www.musculoesqueleticousp.com.br\/en\/#organization\"},\"potentialAction\":[{\"@type\":\"SearchAction\",\"target\":{\"@type\":\"EntryPoint\",\"urlTemplate\":\"https:\/\/www.musculoesqueleticousp.com.br\/en\/?s={search_term_string}\"},\"query-input\":{\"@type\":\"PropertyValueSpecification\",\"valueRequired\":true,\"valueName\":\"search_term_string\"}}],\"inLanguage\":\"en-US\"},{\"@type\":\"Organization\",\"@id\":\"https:\/\/www.musculoesqueleticousp.com.br\/en\/#organization\",\"name\":\"P\u00f3s-Gradua\u00e7\u00e3o em Ci\u00eancias do Sistema Musculoesquel\u00e9tico\",\"url\":\"https:\/\/www.musculoesqueleticousp.com.br\/en\/\",\"logo\":{\"@type\":\"ImageObject\",\"inLanguage\":\"en-US\",\"@id\":\"https:\/\/www.musculoesqueleticousp.com.br\/en\/#\/schema\/logo\/image\/\",\"url\":\"https:\/\/www.musculoesqueleticousp.com.br\/wp-content\/uploads\/2020\/04\/logo_pg_cme_v3_h120.png\",\"contentUrl\":\"https:\/\/www.musculoesqueleticousp.com.br\/wp-content\/uploads\/2020\/04\/logo_pg_cme_v3_h120.png\",\"width\":481,\"height\":120,\"caption\":\"P\u00f3s-Gradua\u00e7\u00e3o em Ci\u00eancias do Sistema Musculoesquel\u00e9tico\"},\"image\":{\"@id\":\"https:\/\/www.musculoesqueleticousp.com.br\/en\/#\/schema\/logo\/image\/\"}}]}<\/script>\n<!-- \/ Yoast SEO plugin. -->","yoast_head_json":{"title":"Patr\u00edcia Moreno Grangeiro - P\u00f3s-Gradua\u00e7\u00e3o em Ci\u00eancias do Sistema Musculoesquel\u00e9tico","robots":{"index":"index","follow":"follow","max-snippet":"max-snippet:-1","max-image-preview":"max-image-preview:large","max-video-preview":"max-video-preview:-1"},"canonical":"https:\/\/www.musculoesqueleticousp.com.br\/pesquisas\/orientadores\/patricia-moreno-grangeiro\/","og_locale":"en_US","og_type":"article","og_title":"Patr\u00edcia Moreno Grangeiro - P\u00f3s-Gradua\u00e7\u00e3o em Ci\u00eancias do Sistema Musculoesquel\u00e9tico","og_description":"T\u00edtulo: Doutor E-mail: patricia.moreno@hc.fm.usp.br Lattes: http:\/\/lattes.cnpq.br\/9121406389457414 Orcid: ID 0000-0002-1533-659X- https:\/\/orcid.org\/0000-0002-1533-659X Scopus: ID 35487432600\u00a0 &#8211; https:\/\/www.scopus.com\/authid\/detail.uri?authorId=35487432600 Google Scholar: \u00a0ID 4s55O7cAAAAJ&amp;hl &#8211; https:\/\/scholar.google.com\/citations?user=4s55O7cAAAAJ&amp;hl=pt-BR Research ID: AAZ-4948-2021 &#8211; https:\/\/publons.com\/researcher\/4687483\/patricia-moreno-grangeiro\/ [&hellip;]","og_url":"https:\/\/www.musculoesqueleticousp.com.br\/pesquisas\/orientadores\/patricia-moreno-grangeiro\/","og_site_name":"P\u00f3s-Gradua\u00e7\u00e3o em Ci\u00eancias do Sistema Musculoesquel\u00e9tico","article_modified_time":"2024-06-28T12:33:32+00:00","og_image":[{"url":"https:\/\/www.musculoesqueleticousp.com.br\/wp-content\/uploads\/2021\/10\/gg-265x300.jpg","type":"","width":"","height":""}],"twitter_card":"summary_large_image","twitter_misc":{"Est. reading time":"8 minutes"},"schema":{"@context":"https:\/\/schema.org","@graph":[{"@type":"WebPage","@id":"https:\/\/www.musculoesqueleticousp.com.br\/pesquisas\/orientadores\/patricia-moreno-grangeiro\/","url":"https:\/\/www.musculoesqueleticousp.com.br\/pesquisas\/orientadores\/patricia-moreno-grangeiro\/","name":"Patr\u00edcia Moreno Grangeiro - P\u00f3s-Gradua\u00e7\u00e3o em Ci\u00eancias do Sistema Musculoesquel\u00e9tico","isPartOf":{"@id":"https:\/\/www.musculoesqueleticousp.com.br\/en\/#website"},"primaryImageOfPage":{"@id":"https:\/\/www.musculoesqueleticousp.com.br\/pesquisas\/orientadores\/patricia-moreno-grangeiro\/#primaryimage"},"image":{"@id":"https:\/\/www.musculoesqueleticousp.com.br\/pesquisas\/orientadores\/patricia-moreno-grangeiro\/#primaryimage"},"thumbnailUrl":"https:\/\/www.musculoesqueleticousp.com.br\/wp-content\/uploads\/2021\/10\/gg-265x300.jpg","datePublished":"2021-10-14T12:46:17+00:00","dateModified":"2024-06-28T12:33:32+00:00","breadcrumb":{"@id":"https:\/\/www.musculoesqueleticousp.com.br\/pesquisas\/orientadores\/patricia-moreno-grangeiro\/#breadcrumb"},"inLanguage":"en-US","potentialAction":[{"@type":"ReadAction","target":["https:\/\/www.musculoesqueleticousp.com.br\/pesquisas\/orientadores\/patricia-moreno-grangeiro\/"]}]},{"@type":"ImageObject","inLanguage":"en-US","@id":"https:\/\/www.musculoesqueleticousp.com.br\/pesquisas\/orientadores\/patricia-moreno-grangeiro\/#primaryimage","url":"https:\/\/www.musculoesqueleticousp.com.br\/wp-content\/uploads\/2021\/10\/gg-265x300.jpg","contentUrl":"https:\/\/www.musculoesqueleticousp.com.br\/wp-content\/uploads\/2021\/10\/gg-265x300.jpg"},{"@type":"BreadcrumbList","@id":"https:\/\/www.musculoesqueleticousp.com.br\/pesquisas\/orientadores\/patricia-moreno-grangeiro\/#breadcrumb","itemListElement":[{"@type":"ListItem","position":1,"name":"Home","item":"https:\/\/www.musculoesqueleticousp.com.br\/en\/"},{"@type":"ListItem","position":2,"name":"Research","item":"https:\/\/www.musculoesqueleticousp.com.br\/en\/pesquisas\/"},{"@type":"ListItem","position":3,"name":"Orientadores","item":"https:\/\/www.musculoesqueleticousp.com.br\/pesquisas\/orientadores\/"},{"@type":"ListItem","position":4,"name":"Patr\u00edcia Moreno Grangeiro"}]},{"@type":"WebSite","@id":"https:\/\/www.musculoesqueleticousp.com.br\/en\/#website","url":"https:\/\/www.musculoesqueleticousp.com.br\/en\/","name":"P\u00f3s-Gradua\u00e7\u00e3o em Ci\u00eancias do Sistema Musculoesquel\u00e9tico","description":"Website do P\u00f3s-Gradua\u00e7\u00e3o em Ci\u00eancias do Sistema Musculoesquel\u00e9tico","publisher":{"@id":"https:\/\/www.musculoesqueleticousp.com.br\/en\/#organization"},"potentialAction":[{"@type":"SearchAction","target":{"@type":"EntryPoint","urlTemplate":"https:\/\/www.musculoesqueleticousp.com.br\/en\/?s={search_term_string}"},"query-input":{"@type":"PropertyValueSpecification","valueRequired":true,"valueName":"search_term_string"}}],"inLanguage":"en-US"},{"@type":"Organization","@id":"https:\/\/www.musculoesqueleticousp.com.br\/en\/#organization","name":"P\u00f3s-Gradua\u00e7\u00e3o em Ci\u00eancias do Sistema Musculoesquel\u00e9tico","url":"https:\/\/www.musculoesqueleticousp.com.br\/en\/","logo":{"@type":"ImageObject","inLanguage":"en-US","@id":"https:\/\/www.musculoesqueleticousp.com.br\/en\/#\/schema\/logo\/image\/","url":"https:\/\/www.musculoesqueleticousp.com.br\/wp-content\/uploads\/2020\/04\/logo_pg_cme_v3_h120.png","contentUrl":"https:\/\/www.musculoesqueleticousp.com.br\/wp-content\/uploads\/2020\/04\/logo_pg_cme_v3_h120.png","width":481,"height":120,"caption":"P\u00f3s-Gradua\u00e7\u00e3o em Ci\u00eancias do Sistema Musculoesquel\u00e9tico"},"image":{"@id":"https:\/\/www.musculoesqueleticousp.com.br\/en\/#\/schema\/logo\/image\/"}}]}},"_links":{"self":[{"href":"https:\/\/www.musculoesqueleticousp.com.br\/en\/wp-json\/wp\/v2\/pages\/1820","targetHints":{"allow":["GET"]}}],"collection":[{"href":"https:\/\/www.musculoesqueleticousp.com.br\/en\/wp-json\/wp\/v2\/pages"}],"about":[{"href":"https:\/\/www.musculoesqueleticousp.com.br\/en\/wp-json\/wp\/v2\/types\/page"}],"author":[{"embeddable":true,"href":"https:\/\/www.musculoesqueleticousp.com.br\/en\/wp-json\/wp\/v2\/users\/3"}],"replies":[{"embeddable":true,"href":"https:\/\/www.musculoesqueleticousp.com.br\/en\/wp-json\/wp\/v2\/comments?post=1820"}],"version-history":[{"count":8,"href":"https:\/\/www.musculoesqueleticousp.com.br\/en\/wp-json\/wp\/v2\/pages\/1820\/revisions"}],"predecessor-version":[{"id":2986,"href":"https:\/\/www.musculoesqueleticousp.com.br\/en\/wp-json\/wp\/v2\/pages\/1820\/revisions\/2986"}],"up":[{"embeddable":true,"href":"https:\/\/www.musculoesqueleticousp.com.br\/en\/wp-json\/wp\/v2\/pages\/25"}],"wp:attachment":[{"href":"https:\/\/www.musculoesqueleticousp.com.br\/en\/wp-json\/wp\/v2\/media?parent=1820"}],"curies":[{"name":"wp","href":"https:\/\/api.w.org\/{rel}","templated":true}]}}