{"id":17,"date":"2020-03-25T15:17:34","date_gmt":"2020-03-25T18:17:34","guid":{"rendered":"http:\/\/www.musculoesqueleticousp.com.br\/normas-e-formularios\/"},"modified":"2021-03-06T13:44:23","modified_gmt":"2021-03-06T16:44:23","slug":"procedimentos","status":"publish","type":"page","link":"https:\/\/www.musculoesqueleticousp.com.br\/en\/procedimentos\/","title":{"rendered":"Procedures"},"content":{"rendered":"\t\t<div class=\"shailan-subpages-container\">\r\n            <ul class=\"subpages\">\r\n                <li class=\"page_item page-item-30\"><a href=\"https:\/\/www.musculoesqueleticousp.com.br\/en\/procedimentos\/inscricoes\/\">Applications<\/a><\/li>\n<li class=\"page_item page-item-31\"><a href=\"https:\/\/www.musculoesqueleticousp.com.br\/en\/procedimentos\/normas-e-regulamentos\/\">Rules and Regulations<\/a><\/li>\n<li class=\"page_item page-item-32\"><a href=\"https:\/\/www.musculoesqueleticousp.com.br\/en\/procedimentos\/formularios\/\">Forms<\/a><\/li>\n            <\/ul>\r\n\t\t<\/div>\r\n\t\t","protected":false},"excerpt":{"rendered":"<p>Applications Rules and Regulations Forms<\/p>\n","protected":false},"author":1,"featured_media":0,"parent":0,"menu_order":4,"comment_status":"closed","ping_status":"closed","template":"","meta":{"footnotes":""},"class_list":["post-17","page","type-page","status-publish","hentry"],"yoast_head":"<!-- This site is optimized with the Yoast SEO plugin v25.5 - https:\/\/yoast.com\/wordpress\/plugins\/seo\/ -->\n<title>Procedures - P\u00f3s-Gradua\u00e7\u00e3o em Ci\u00eancias do Sistema Musculoesquel\u00e9tico<\/title>\n<meta name=\"robots\" content=\"index, follow, max-snippet:-1, max-image-preview:large, max-video-preview:-1\" \/>\n<link rel=\"canonical\" href=\"https:\/\/www.musculoesqueleticousp.com.br\/procedimentos\/\" \/>\n<meta property=\"og:locale\" content=\"en_US\" \/>\n<meta property=\"og:type\" content=\"article\" \/>\n<meta property=\"og:title\" content=\"Procedures - P\u00f3s-Gradua\u00e7\u00e3o em Ci\u00eancias do Sistema Musculoesquel\u00e9tico\" \/>\n<meta property=\"og:description\" content=\"Applications Rules and Regulations Forms\" \/>\n<meta property=\"og:url\" content=\"https:\/\/www.musculoesqueleticousp.com.br\/procedimentos\/\" \/>\n<meta property=\"og:site_name\" content=\"P\u00f3s-Gradua\u00e7\u00e3o em Ci\u00eancias do Sistema Musculoesquel\u00e9tico\" \/>\n<meta property=\"article:modified_time\" content=\"2021-03-06T16:44:23+00:00\" \/>\n<meta name=\"twitter:card\" content=\"summary_large_image\" \/>\n<script type=\"application\/ld+json\" class=\"yoast-schema-graph\">{\"@context\":\"https:\/\/schema.org\",\"@graph\":[{\"@type\":\"WebPage\",\"@id\":\"https:\/\/www.musculoesqueleticousp.com.br\/procedimentos\/\",\"url\":\"https:\/\/www.musculoesqueleticousp.com.br\/procedimentos\/\",\"name\":\"Procedures - P\u00f3s-Gradua\u00e7\u00e3o em Ci\u00eancias do Sistema Musculoesquel\u00e9tico\",\"isPartOf\":{\"@id\":\"https:\/\/www.musculoesqueleticousp.com.br\/en\/#website\"},\"datePublished\":\"2020-03-25T18:17:34+00:00\",\"dateModified\":\"2021-03-06T16:44:23+00:00\",\"breadcrumb\":{\"@id\":\"https:\/\/www.musculoesqueleticousp.com.br\/procedimentos\/#breadcrumb\"},\"inLanguage\":\"en-US\",\"potentialAction\":[{\"@type\":\"ReadAction\",\"target\":[\"https:\/\/www.musculoesqueleticousp.com.br\/procedimentos\/\"]}]},{\"@type\":\"BreadcrumbList\",\"@id\":\"https:\/\/www.musculoesqueleticousp.com.br\/procedimentos\/#breadcrumb\",\"itemListElement\":[{\"@type\":\"ListItem\",\"position\":1,\"name\":\"Home\",\"item\":\"https:\/\/www.musculoesqueleticousp.com.br\/en\/\"},{\"@type\":\"ListItem\",\"position\":2,\"name\":\"Procedimentos\"}]},{\"@type\":\"WebSite\",\"@id\":\"https:\/\/www.musculoesqueleticousp.com.br\/en\/#website\",\"url\":\"https:\/\/www.musculoesqueleticousp.com.br\/en\/\",\"name\":\"P\u00f3s-Gradua\u00e7\u00e3o em Ci\u00eancias do Sistema Musculoesquel\u00e9tico\",\"description\":\"Website do P\u00f3s-Gradua\u00e7\u00e3o em Ci\u00eancias do Sistema Musculoesquel\u00e9tico\",\"publisher\":{\"@id\":\"https:\/\/www.musculoesqueleticousp.com.br\/en\/#organization\"},\"potentialAction\":[{\"@type\":\"SearchAction\",\"target\":{\"@type\":\"EntryPoint\",\"urlTemplate\":\"https:\/\/www.musculoesqueleticousp.com.br\/en\/?s={search_term_string}\"},\"query-input\":{\"@type\":\"PropertyValueSpecification\",\"valueRequired\":true,\"valueName\":\"search_term_string\"}}],\"inLanguage\":\"en-US\"},{\"@type\":\"Organization\",\"@id\":\"https:\/\/www.musculoesqueleticousp.com.br\/en\/#organization\",\"name\":\"P\u00f3s-Gradua\u00e7\u00e3o em Ci\u00eancias do Sistema Musculoesquel\u00e9tico\",\"url\":\"https:\/\/www.musculoesqueleticousp.com.br\/en\/\",\"logo\":{\"@type\":\"ImageObject\",\"inLanguage\":\"en-US\",\"@id\":\"https:\/\/www.musculoesqueleticousp.com.br\/en\/#\/schema\/logo\/image\/\",\"url\":\"https:\/\/www.musculoesqueleticousp.com.br\/wp-content\/uploads\/2020\/04\/logo_pg_cme_v3_h120.png\",\"contentUrl\":\"https:\/\/www.musculoesqueleticousp.com.br\/wp-content\/uploads\/2020\/04\/logo_pg_cme_v3_h120.png\",\"width\":481,\"height\":120,\"caption\":\"P\u00f3s-Gradua\u00e7\u00e3o em Ci\u00eancias do Sistema Musculoesquel\u00e9tico\"},\"image\":{\"@id\":\"https:\/\/www.musculoesqueleticousp.com.br\/en\/#\/schema\/logo\/image\/\"}}]}<\/script>\n<!-- \/ Yoast SEO plugin. -->","yoast_head_json":{"title":"Procedures - P\u00f3s-Gradua\u00e7\u00e3o em Ci\u00eancias do Sistema Musculoesquel\u00e9tico","robots":{"index":"index","follow":"follow","max-snippet":"max-snippet:-1","max-image-preview":"max-image-preview:large","max-video-preview":"max-video-preview:-1"},"canonical":"https:\/\/www.musculoesqueleticousp.com.br\/procedimentos\/","og_locale":"en_US","og_type":"article","og_title":"Procedures - P\u00f3s-Gradua\u00e7\u00e3o em Ci\u00eancias do Sistema Musculoesquel\u00e9tico","og_description":"Applications Rules and Regulations Forms","og_url":"https:\/\/www.musculoesqueleticousp.com.br\/procedimentos\/","og_site_name":"P\u00f3s-Gradua\u00e7\u00e3o em Ci\u00eancias do Sistema Musculoesquel\u00e9tico","article_modified_time":"2021-03-06T16:44:23+00:00","twitter_card":"summary_large_image","schema":{"@context":"https:\/\/schema.org","@graph":[{"@type":"WebPage","@id":"https:\/\/www.musculoesqueleticousp.com.br\/procedimentos\/","url":"https:\/\/www.musculoesqueleticousp.com.br\/procedimentos\/","name":"Procedures - P\u00f3s-Gradua\u00e7\u00e3o em Ci\u00eancias do Sistema Musculoesquel\u00e9tico","isPartOf":{"@id":"https:\/\/www.musculoesqueleticousp.com.br\/en\/#website"},"datePublished":"2020-03-25T18:17:34+00:00","dateModified":"2021-03-06T16:44:23+00:00","breadcrumb":{"@id":"https:\/\/www.musculoesqueleticousp.com.br\/procedimentos\/#breadcrumb"},"inLanguage":"en-US","potentialAction":[{"@type":"ReadAction","target":["https:\/\/www.musculoesqueleticousp.com.br\/procedimentos\/"]}]},{"@type":"BreadcrumbList","@id":"https:\/\/www.musculoesqueleticousp.com.br\/procedimentos\/#breadcrumb","itemListElement":[{"@type":"ListItem","position":1,"name":"Home","item":"https:\/\/www.musculoesqueleticousp.com.br\/en\/"},{"@type":"ListItem","position":2,"name":"Procedimentos"}]},{"@type":"WebSite","@id":"https:\/\/www.musculoesqueleticousp.com.br\/en\/#website","url":"https:\/\/www.musculoesqueleticousp.com.br\/en\/","name":"P\u00f3s-Gradua\u00e7\u00e3o em Ci\u00eancias do Sistema Musculoesquel\u00e9tico","description":"Website do P\u00f3s-Gradua\u00e7\u00e3o em Ci\u00eancias do Sistema Musculoesquel\u00e9tico","publisher":{"@id":"https:\/\/www.musculoesqueleticousp.com.br\/en\/#organization"},"potentialAction":[{"@type":"SearchAction","target":{"@type":"EntryPoint","urlTemplate":"https:\/\/www.musculoesqueleticousp.com.br\/en\/?s={search_term_string}"},"query-input":{"@type":"PropertyValueSpecification","valueRequired":true,"valueName":"search_term_string"}}],"inLanguage":"en-US"},{"@type":"Organization","@id":"https:\/\/www.musculoesqueleticousp.com.br\/en\/#organization","name":"P\u00f3s-Gradua\u00e7\u00e3o em Ci\u00eancias do Sistema Musculoesquel\u00e9tico","url":"https:\/\/www.musculoesqueleticousp.com.br\/en\/","logo":{"@type":"ImageObject","inLanguage":"en-US","@id":"https:\/\/www.musculoesqueleticousp.com.br\/en\/#\/schema\/logo\/image\/","url":"https:\/\/www.musculoesqueleticousp.com.br\/wp-content\/uploads\/2020\/04\/logo_pg_cme_v3_h120.png","contentUrl":"https:\/\/www.musculoesqueleticousp.com.br\/wp-content\/uploads\/2020\/04\/logo_pg_cme_v3_h120.png","width":481,"height":120,"caption":"P\u00f3s-Gradua\u00e7\u00e3o em Ci\u00eancias do Sistema Musculoesquel\u00e9tico"},"image":{"@id":"https:\/\/www.musculoesqueleticousp.com.br\/en\/#\/schema\/logo\/image\/"}}]}},"_links":{"self":[{"href":"https:\/\/www.musculoesqueleticousp.com.br\/en\/wp-json\/wp\/v2\/pages\/17","targetHints":{"allow":["GET"]}}],"collection":[{"href":"https:\/\/www.musculoesqueleticousp.com.br\/en\/wp-json\/wp\/v2\/pages"}],"about":[{"href":"https:\/\/www.musculoesqueleticousp.com.br\/en\/wp-json\/wp\/v2\/types\/page"}],"author":[{"embeddable":true,"href":"https:\/\/www.musculoesqueleticousp.com.br\/en\/wp-json\/wp\/v2\/users\/1"}],"replies":[{"embeddable":true,"href":"https:\/\/www.musculoesqueleticousp.com.br\/en\/wp-json\/wp\/v2\/comments?post=17"}],"version-history":[{"count":4,"href":"https:\/\/www.musculoesqueleticousp.com.br\/en\/wp-json\/wp\/v2\/pages\/17\/revisions"}],"predecessor-version":[{"id":1261,"href":"https:\/\/www.musculoesqueleticousp.com.br\/en\/wp-json\/wp\/v2\/pages\/17\/revisions\/1261"}],"wp:attachment":[{"href":"https:\/\/www.musculoesqueleticousp.com.br\/en\/wp-json\/wp\/v2\/media?parent=17"}],"curies":[{"name":"wp","href":"https:\/\/api.w.org\/{rel}","templated":true}]}}