{"id":16,"date":"2020-03-25T15:17:34","date_gmt":"2020-03-25T18:17:34","guid":{"rendered":"http:\/\/www.musculoesqueleticousp.com.br\/pesquisas\/"},"modified":"2021-03-06T13:39:15","modified_gmt":"2021-03-06T16:39:15","slug":"pesquisas","status":"publish","type":"page","link":"https:\/\/www.musculoesqueleticousp.com.br\/en\/pesquisas\/","title":{"rendered":"Research"},"content":{"rendered":"\t\t<div class=\"shailan-subpages-container\">\r\n            <ul class=\"subpages\">\r\n                <li class=\"page_item page-item-25 page_item_has_children\"><a href=\"https:\/\/www.musculoesqueleticousp.com.br\/en\/pesquisas\/orientadores\/\">Advisors<\/a>\n<ul class='children'>\n\t<li class=\"page_item page-item-550\"><a href=\"https:\/\/www.musculoesqueleticousp.com.br\/en\/pesquisas\/orientadores\/alexandre-fogaca-cristante\/\">Alexandre Foga\u00e7a Cristante<\/a><\/li>\n\t<li class=\"page_item page-item-546\"><a href=\"https:\/\/www.musculoesqueleticousp.com.br\/en\/pesquisas\/orientadores\/alexandre-leme-godoy-dos-santos\/\">Alexandre Leme Godoy dos Santos<\/a><\/li>\n\t<li class=\"page_item page-item-2783\"><a href=\"https:\/\/www.musculoesqueleticousp.com.br\/en\/pesquisas\/orientadores\/ana-cristina-de-medeiros-ribeiro\/\">Ana Cristina de Medeiros Ribeiro<\/a><\/li>\n\t<li class=\"page_item page-item-689\"><a href=\"https:\/\/www.musculoesqueleticousp.com.br\/en\/pesquisas\/orientadores\/ana-lucia-lei-munhoz-lima\/\">Ana Lucia Lei Munhoz Lima<\/a><\/li>\n\t<li class=\"page_item page-item-630\"><a href=\"https:\/\/www.musculoesqueleticousp.com.br\/en\/pesquisas\/orientadores\/arnaldo-jose-hernandez\/\">Arnaldo Jos\u00e9 Hernandez<\/a><\/li>\n\t<li class=\"page_item page-item-554\"><a href=\"https:\/\/www.musculoesqueleticousp.com.br\/en\/pesquisas\/orientadores\/bruno-gualano\/\">Bruno Gualano<\/a><\/li>\n\t<li class=\"page_item page-item-559\"><a href=\"https:\/\/www.musculoesqueleticousp.com.br\/en\/pesquisas\/orientadores\/bryan-saunders\/\">Bryan Saunders<\/a><\/li>\n\t<li class=\"page_item page-item-572\"><a href=\"https:\/\/www.musculoesqueleticousp.com.br\/en\/pesquisas\/orientadores\/camilo-partezani-helito\/\">Camilo Partezani Helito<\/a><\/li>\n\t<li class=\"page_item page-item-2014\"><a href=\"https:\/\/www.musculoesqueleticousp.com.br\/en\/pesquisas\/orientadores\/carolina-nicoletti\/\">Carolina Nicoletti<\/a><\/li>\n\t<li class=\"page_item page-item-737\"><a href=\"https:\/\/www.musculoesqueleticousp.com.br\/en\/pesquisas\/orientadores\/clovis-arthur-almeida-da-silva\/\">Clovis Arthur Almeida da Silva<\/a><\/li>\n\t<li class=\"page_item page-item-576\"><a href=\"https:\/\/www.musculoesqueleticousp.com.br\/en\/pesquisas\/orientadores\/danieli-castro-oliveira-de-andrade\/\">Danieli Castro Oliveira de Andrade<\/a><\/li>\n\t<li class=\"page_item page-item-2406\"><a href=\"https:\/\/www.musculoesqueleticousp.com.br\/en\/pesquisas\/orientadores\/diogo-souza-domiciano\/\">Diogo Souza Domiciano<\/a><\/li>\n\t<li class=\"page_item page-item-581\"><a href=\"https:\/\/www.musculoesqueleticousp.com.br\/en\/pesquisas\/orientadores\/eduardo-angeli-malavolta\/\">Eduardo Angeli Malavolta<\/a><\/li>\n\t<li class=\"page_item page-item-633\"><a href=\"https:\/\/www.musculoesqueleticousp.com.br\/en\/pesquisas\/orientadores\/eduardo-ferreira-borba-neto\/\">Eduardo Ferreira Borba Neto<\/a><\/li>\n\t<li class=\"page_item page-item-619\"><a href=\"https:\/\/www.musculoesqueleticousp.com.br\/en\/pesquisas\/orientadores\/eimear-bernadette-dolan\/\">Eimear Bernadette Dolan<\/a><\/li>\n\t<li class=\"page_item page-item-653\"><a href=\"https:\/\/www.musculoesqueleticousp.com.br\/en\/pesquisas\/orientadores\/eloisa-silva-dutra-de-oliveira-bonfa\/\">Eloisa Silva Dutra de Oliveira Bonf\u00e1<\/a><\/li>\n\t<li class=\"page_item page-item-586\"><a href=\"https:\/\/www.musculoesqueleticousp.com.br\/en\/pesquisas\/orientadores\/guilherme-giannini-artioli\/\">Guilherme Giannini Artioli<\/a><\/li>\n\t<li class=\"page_item page-item-590\"><a href=\"https:\/\/www.musculoesqueleticousp.com.br\/en\/pesquisas\/orientadores\/hamilton-roschel\/\">Hamilton Roschel<\/a><\/li>\n\t<li class=\"page_item page-item-78238\"><a href=\"https:\/\/www.musculoesqueleticousp.com.br\/en\/pesquisas\/orientadores\/heitor-martins-pasquim\/\">Heitor Martins Pasquim<\/a><\/li>\n\t<li class=\"page_item page-item-2469\"><a href=\"https:\/\/www.musculoesqueleticousp.com.br\/en\/pesquisas\/orientadores\/henrique-melo-de-campos-gurgel\/\">Henrique Melo de Campos Gurgel<\/a><\/li>\n\t<li class=\"page_item page-item-1999\"><a href=\"https:\/\/www.musculoesqueleticousp.com.br\/en\/pesquisas\/orientadores\/kodi-edson-kojima\/\">Kodi Edson Kojima<\/a><\/li>\n\t<li class=\"page_item page-item-3252\"><a href=\"https:\/\/www.musculoesqueleticousp.com.br\/en\/pesquisas\/orientadores\/luis-eduardo-passarelli-tirico\/\">Luis Eduardo Passarelli Tirico<\/a><\/li>\n\t<li class=\"page_item page-item-608\"><a href=\"https:\/\/www.musculoesqueleticousp.com.br\/en\/pesquisas\/orientadores\/marcelo-rosa-de-rezende\/\">Marcelo Rosa de Rezende<\/a><\/li>\n\t<li class=\"page_item page-item-2937\"><a href=\"https:\/\/www.musculoesqueleticousp.com.br\/en\/pesquisas\/orientadores\/marcia-uchoa-de-rezende\/\">Marcia Uchoa de Rezende<\/a><\/li>\n\t<li class=\"page_item page-item-659\"><a href=\"https:\/\/www.musculoesqueleticousp.com.br\/en\/pesquisas\/orientadores\/marco-kawamura-demange\/\">Marco Kawamura Demange<\/a><\/li>\n\t<li class=\"page_item page-item-650\"><a href=\"https:\/\/www.musculoesqueleticousp.com.br\/en\/pesquisas\/orientadores\/nadia-emi-aikawa\/\">N\u00e1dia Emi Aikawa<\/a><\/li>\n\t<li class=\"page_item page-item-616\"><a href=\"https:\/\/www.musculoesqueleticousp.com.br\/en\/pesquisas\/orientadores\/olavo-pires-de-camargo\/\">Olavo Pires de Camargo<\/a><\/li>\n\t<li class=\"page_item page-item-1820\"><a href=\"https:\/\/www.musculoesqueleticousp.com.br\/en\/pesquisas\/orientadores\/patricia-moreno-grangeiro\/\">Patr\u00edcia Moreno Grangeiro<\/a><\/li>\n\t<li class=\"page_item page-item-604\"><a href=\"https:\/\/www.musculoesqueleticousp.com.br\/en\/pesquisas\/orientadores\/rames-mattar-junior\/\">Rames Mattar Junior<\/a><\/li>\n\t<li class=\"page_item page-item-642\"><a href=\"https:\/\/www.musculoesqueleticousp.com.br\/en\/pesquisas\/orientadores\/raphael-martus-marcon\/\">Raphael Martus Marcon<\/a><\/li>\n\t<li class=\"page_item page-item-696\"><a href=\"https:\/\/www.musculoesqueleticousp.com.br\/en\/pesquisas\/orientadores\/ricardo-fuller\/\">Ricardo Fuller<\/a><\/li>\n\t<li class=\"page_item page-item-595\"><a href=\"https:\/\/www.musculoesqueleticousp.com.br\/en\/pesquisas\/orientadores\/riccardo-gomes-gobbi\/\">Riccardo Gomes Gobbi<\/a><\/li>\n\t<li class=\"page_item page-item-599\"><a href=\"https:\/\/www.musculoesqueleticousp.com.br\/en\/pesquisas\/orientadores\/samuel-katsuyuki-shinjo\/\">Samuel Katsuyuki Shinjo<\/a><\/li>\n\t<li class=\"page_item page-item-869\"><a href=\"https:\/\/www.musculoesqueleticousp.com.br\/en\/pesquisas\/orientadores\/sandra-gofinet-pasoto\/\">Sandra Gofinet Pasoto<\/a><\/li>\n\t<li class=\"page_item page-item-613\"><a href=\"https:\/\/www.musculoesqueleticousp.com.br\/en\/pesquisas\/orientadores\/tarcisio-eloy-pessoa-de-barros-filho\/\">Tarcisio Eloy Pessoa de Barros Filho<\/a><\/li>\n\t<li class=\"page_item page-item-1796\"><a href=\"https:\/\/www.musculoesqueleticousp.com.br\/en\/pesquisas\/orientadores\/tiago-lazzaretti-fernandes\/\">Tiago Lazzaretti Fernandes<\/a><\/li>\n\t<li class=\"page_item page-item-728\"><a href=\"https:\/\/www.musculoesqueleticousp.com.br\/en\/pesquisas\/orientadores\/walcy-paganelli-rosolia-teodoro\/\">Walcy Paganelli Rosolia Teodoro<\/a><\/li>\n<\/ul>\n<\/li>\n<li class=\"page_item page-item-26\"><a href=\"https:\/\/www.musculoesqueleticousp.com.br\/en\/pesquisas\/linhas-de-pesquisa\/\">Linha de Pesquisa \/ Projetos<\/a><\/li>\n<li class=\"page_item page-item-1612 page_item_has_children\"><a href=\"https:\/\/www.musculoesqueleticousp.com.br\/en\/pesquisas\/discentes\/\">Discentes<\/a>\n<ul class='children'>\n\t<li class=\"page_item page-item-1617\"><a href=\"https:\/\/www.musculoesqueleticousp.com.br\/en\/pesquisas\/discentes\/iniciacao-cientifica\/\">INICIA\u00c7\u00c3O CIENT\u00cdFICA<\/a><\/li>\n\t<li class=\"page_item page-item-1615\"><a href=\"https:\/\/www.musculoesqueleticousp.com.br\/en\/pesquisas\/discentes\/pos-graduacao\/\">P\u00d3S-GRADUA\u00c7\u00c3O<\/a><\/li>\n\t<li class=\"page_item page-item-1629\"><a href=\"https:\/\/www.musculoesqueleticousp.com.br\/en\/pesquisas\/discentes\/pos-doutorado\/\">P\u00d3S-DOUTORADO<\/a><\/li>\n\t<li class=\"page_item page-item-1639\"><a href=\"https:\/\/www.musculoesqueleticousp.com.br\/en\/pesquisas\/discentes\/atividades-discentes\/\">ATIVIDADES DISCENTES<\/a><\/li>\n<\/ul>\n<\/li>\n<li class=\"page_item page-item-29\"><a href=\"https:\/\/www.musculoesqueleticousp.com.br\/en\/pesquisas\/disciplinas\/\">Disciplines<\/a><\/li>\n<li class=\"page_item page-item-28\"><a href=\"https:\/\/www.musculoesqueleticousp.com.br\/en\/pesquisas\/projetos-em-andamento\/\">Projects in progress<\/a><\/li>\n<li class=\"page_item page-item-526\"><a href=\"https:\/\/www.musculoesqueleticousp.com.br\/en\/pesquisas\/projetos-concluidos\/\">Completed Projects<\/a><\/li>\n<li class=\"page_item page-item-33\"><a href=\"https:\/\/www.musculoesqueleticousp.com.br\/en\/pesquisas\/bolsas-e-auxilios-financeiros\/\">Scholarships and Financial Aid<\/a><\/li>\n<li class=\"page_item page-item-1577\"><a href=\"https:\/\/www.musculoesqueleticousp.com.br\/en\/pesquisas\/egressos\/\">Egressos<\/a><\/li>\n            <\/ul>\r\n\t\t<\/div>\r\n\t\t","protected":false},"excerpt":{"rendered":"<p>Advisors Alexandre Foga\u00e7a Cristante Alexandre Leme Godoy dos Santos Ana Cristina de Medeiros Ribeiro Ana Lucia Lei Munhoz Lima Arnaldo Jos\u00e9 Hernandez Bruno Gualano Bryan Saunders [&hellip;]<\/p>\n","protected":false},"author":1,"featured_media":0,"parent":0,"menu_order":3,"comment_status":"closed","ping_status":"closed","template":"","meta":{"footnotes":""},"class_list":["post-16","page","type-page","status-publish","hentry"],"yoast_head":"<!-- This site is optimized with the Yoast SEO plugin v25.5 - https:\/\/yoast.com\/wordpress\/plugins\/seo\/ -->\n<title>Research - P\u00f3s-Gradua\u00e7\u00e3o em Ci\u00eancias do Sistema Musculoesquel\u00e9tico<\/title>\n<meta name=\"robots\" content=\"index, follow, max-snippet:-1, max-image-preview:large, max-video-preview:-1\" \/>\n<link rel=\"canonical\" href=\"https:\/\/www.musculoesqueleticousp.com.br\/en\/pesquisas\/\" \/>\n<meta property=\"og:locale\" content=\"en_US\" \/>\n<meta property=\"og:type\" content=\"article\" \/>\n<meta property=\"og:title\" content=\"Research - P\u00f3s-Gradua\u00e7\u00e3o em Ci\u00eancias do Sistema Musculoesquel\u00e9tico\" \/>\n<meta property=\"og:description\" content=\"Advisors Alexandre Foga\u00e7a Cristante Alexandre Leme Godoy dos Santos Ana Cristina de Medeiros Ribeiro Ana Lucia Lei Munhoz Lima Arnaldo Jos\u00e9 Hernandez Bruno Gualano Bryan Saunders [&hellip;]\" \/>\n<meta property=\"og:url\" content=\"https:\/\/www.musculoesqueleticousp.com.br\/en\/pesquisas\/\" \/>\n<meta property=\"og:site_name\" content=\"P\u00f3s-Gradua\u00e7\u00e3o em Ci\u00eancias do Sistema Musculoesquel\u00e9tico\" \/>\n<meta property=\"article:modified_time\" content=\"2021-03-06T16:39:15+00:00\" \/>\n<meta name=\"twitter:card\" content=\"summary_large_image\" \/>\n<script type=\"application\/ld+json\" class=\"yoast-schema-graph\">{\"@context\":\"https:\/\/schema.org\",\"@graph\":[{\"@type\":\"WebPage\",\"@id\":\"https:\/\/www.musculoesqueleticousp.com.br\/en\/pesquisas\/\",\"url\":\"https:\/\/www.musculoesqueleticousp.com.br\/en\/pesquisas\/\",\"name\":\"Research - P\u00f3s-Gradua\u00e7\u00e3o em Ci\u00eancias do Sistema Musculoesquel\u00e9tico\",\"isPartOf\":{\"@id\":\"https:\/\/www.musculoesqueleticousp.com.br\/en\/#website\"},\"datePublished\":\"2020-03-25T18:17:34+00:00\",\"dateModified\":\"2021-03-06T16:39:15+00:00\",\"breadcrumb\":{\"@id\":\"https:\/\/www.musculoesqueleticousp.com.br\/en\/pesquisas\/#breadcrumb\"},\"inLanguage\":\"en-US\",\"potentialAction\":[{\"@type\":\"ReadAction\",\"target\":[\"https:\/\/www.musculoesqueleticousp.com.br\/en\/pesquisas\/\"]}]},{\"@type\":\"BreadcrumbList\",\"@id\":\"https:\/\/www.musculoesqueleticousp.com.br\/en\/pesquisas\/#breadcrumb\",\"itemListElement\":[{\"@type\":\"ListItem\",\"position\":1,\"name\":\"Home\",\"item\":\"https:\/\/www.musculoesqueleticousp.com.br\/en\/\"},{\"@type\":\"ListItem\",\"position\":2,\"name\":\"Research\"}]},{\"@type\":\"WebSite\",\"@id\":\"https:\/\/www.musculoesqueleticousp.com.br\/en\/#website\",\"url\":\"https:\/\/www.musculoesqueleticousp.com.br\/en\/\",\"name\":\"P\u00f3s-Gradua\u00e7\u00e3o em Ci\u00eancias do Sistema Musculoesquel\u00e9tico\",\"description\":\"Website do P\u00f3s-Gradua\u00e7\u00e3o em Ci\u00eancias do Sistema Musculoesquel\u00e9tico\",\"publisher\":{\"@id\":\"https:\/\/www.musculoesqueleticousp.com.br\/en\/#organization\"},\"potentialAction\":[{\"@type\":\"SearchAction\",\"target\":{\"@type\":\"EntryPoint\",\"urlTemplate\":\"https:\/\/www.musculoesqueleticousp.com.br\/en\/?s={search_term_string}\"},\"query-input\":{\"@type\":\"PropertyValueSpecification\",\"valueRequired\":true,\"valueName\":\"search_term_string\"}}],\"inLanguage\":\"en-US\"},{\"@type\":\"Organization\",\"@id\":\"https:\/\/www.musculoesqueleticousp.com.br\/en\/#organization\",\"name\":\"P\u00f3s-Gradua\u00e7\u00e3o em Ci\u00eancias do Sistema Musculoesquel\u00e9tico\",\"url\":\"https:\/\/www.musculoesqueleticousp.com.br\/en\/\",\"logo\":{\"@type\":\"ImageObject\",\"inLanguage\":\"en-US\",\"@id\":\"https:\/\/www.musculoesqueleticousp.com.br\/en\/#\/schema\/logo\/image\/\",\"url\":\"https:\/\/www.musculoesqueleticousp.com.br\/wp-content\/uploads\/2020\/04\/logo_pg_cme_v3_h120.png\",\"contentUrl\":\"https:\/\/www.musculoesqueleticousp.com.br\/wp-content\/uploads\/2020\/04\/logo_pg_cme_v3_h120.png\",\"width\":481,\"height\":120,\"caption\":\"P\u00f3s-Gradua\u00e7\u00e3o em Ci\u00eancias do Sistema Musculoesquel\u00e9tico\"},\"image\":{\"@id\":\"https:\/\/www.musculoesqueleticousp.com.br\/en\/#\/schema\/logo\/image\/\"}}]}<\/script>\n<!-- \/ Yoast SEO plugin. -->","yoast_head_json":{"title":"Research - P\u00f3s-Gradua\u00e7\u00e3o em Ci\u00eancias do Sistema Musculoesquel\u00e9tico","robots":{"index":"index","follow":"follow","max-snippet":"max-snippet:-1","max-image-preview":"max-image-preview:large","max-video-preview":"max-video-preview:-1"},"canonical":"https:\/\/www.musculoesqueleticousp.com.br\/en\/pesquisas\/","og_locale":"en_US","og_type":"article","og_title":"Research - P\u00f3s-Gradua\u00e7\u00e3o em Ci\u00eancias do Sistema Musculoesquel\u00e9tico","og_description":"Advisors Alexandre Foga\u00e7a Cristante Alexandre Leme Godoy dos Santos Ana Cristina de Medeiros Ribeiro Ana Lucia Lei Munhoz Lima Arnaldo Jos\u00e9 Hernandez Bruno Gualano Bryan Saunders [&hellip;]","og_url":"https:\/\/www.musculoesqueleticousp.com.br\/en\/pesquisas\/","og_site_name":"P\u00f3s-Gradua\u00e7\u00e3o em Ci\u00eancias do Sistema Musculoesquel\u00e9tico","article_modified_time":"2021-03-06T16:39:15+00:00","twitter_card":"summary_large_image","schema":{"@context":"https:\/\/schema.org","@graph":[{"@type":"WebPage","@id":"https:\/\/www.musculoesqueleticousp.com.br\/en\/pesquisas\/","url":"https:\/\/www.musculoesqueleticousp.com.br\/en\/pesquisas\/","name":"Research - P\u00f3s-Gradua\u00e7\u00e3o em Ci\u00eancias do Sistema Musculoesquel\u00e9tico","isPartOf":{"@id":"https:\/\/www.musculoesqueleticousp.com.br\/en\/#website"},"datePublished":"2020-03-25T18:17:34+00:00","dateModified":"2021-03-06T16:39:15+00:00","breadcrumb":{"@id":"https:\/\/www.musculoesqueleticousp.com.br\/en\/pesquisas\/#breadcrumb"},"inLanguage":"en-US","potentialAction":[{"@type":"ReadAction","target":["https:\/\/www.musculoesqueleticousp.com.br\/en\/pesquisas\/"]}]},{"@type":"BreadcrumbList","@id":"https:\/\/www.musculoesqueleticousp.com.br\/en\/pesquisas\/#breadcrumb","itemListElement":[{"@type":"ListItem","position":1,"name":"Home","item":"https:\/\/www.musculoesqueleticousp.com.br\/en\/"},{"@type":"ListItem","position":2,"name":"Research"}]},{"@type":"WebSite","@id":"https:\/\/www.musculoesqueleticousp.com.br\/en\/#website","url":"https:\/\/www.musculoesqueleticousp.com.br\/en\/","name":"P\u00f3s-Gradua\u00e7\u00e3o em Ci\u00eancias do Sistema Musculoesquel\u00e9tico","description":"Website do P\u00f3s-Gradua\u00e7\u00e3o em Ci\u00eancias do Sistema Musculoesquel\u00e9tico","publisher":{"@id":"https:\/\/www.musculoesqueleticousp.com.br\/en\/#organization"},"potentialAction":[{"@type":"SearchAction","target":{"@type":"EntryPoint","urlTemplate":"https:\/\/www.musculoesqueleticousp.com.br\/en\/?s={search_term_string}"},"query-input":{"@type":"PropertyValueSpecification","valueRequired":true,"valueName":"search_term_string"}}],"inLanguage":"en-US"},{"@type":"Organization","@id":"https:\/\/www.musculoesqueleticousp.com.br\/en\/#organization","name":"P\u00f3s-Gradua\u00e7\u00e3o em Ci\u00eancias do Sistema Musculoesquel\u00e9tico","url":"https:\/\/www.musculoesqueleticousp.com.br\/en\/","logo":{"@type":"ImageObject","inLanguage":"en-US","@id":"https:\/\/www.musculoesqueleticousp.com.br\/en\/#\/schema\/logo\/image\/","url":"https:\/\/www.musculoesqueleticousp.com.br\/wp-content\/uploads\/2020\/04\/logo_pg_cme_v3_h120.png","contentUrl":"https:\/\/www.musculoesqueleticousp.com.br\/wp-content\/uploads\/2020\/04\/logo_pg_cme_v3_h120.png","width":481,"height":120,"caption":"P\u00f3s-Gradua\u00e7\u00e3o em Ci\u00eancias do Sistema Musculoesquel\u00e9tico"},"image":{"@id":"https:\/\/www.musculoesqueleticousp.com.br\/en\/#\/schema\/logo\/image\/"}}]}},"_links":{"self":[{"href":"https:\/\/www.musculoesqueleticousp.com.br\/en\/wp-json\/wp\/v2\/pages\/16","targetHints":{"allow":["GET"]}}],"collection":[{"href":"https:\/\/www.musculoesqueleticousp.com.br\/en\/wp-json\/wp\/v2\/pages"}],"about":[{"href":"https:\/\/www.musculoesqueleticousp.com.br\/en\/wp-json\/wp\/v2\/types\/page"}],"author":[{"embeddable":true,"href":"https:\/\/www.musculoesqueleticousp.com.br\/en\/wp-json\/wp\/v2\/users\/1"}],"replies":[{"embeddable":true,"href":"https:\/\/www.musculoesqueleticousp.com.br\/en\/wp-json\/wp\/v2\/comments?post=16"}],"version-history":[{"count":3,"href":"https:\/\/www.musculoesqueleticousp.com.br\/en\/wp-json\/wp\/v2\/pages\/16\/revisions"}],"predecessor-version":[{"id":1255,"href":"https:\/\/www.musculoesqueleticousp.com.br\/en\/wp-json\/wp\/v2\/pages\/16\/revisions\/1255"}],"wp:attachment":[{"href":"https:\/\/www.musculoesqueleticousp.com.br\/en\/wp-json\/wp\/v2\/media?parent=16"}],"curies":[{"name":"wp","href":"https:\/\/api.w.org\/{rel}","templated":true}]}}